{"id":64,"date":"2017-06-30T14:58:01","date_gmt":"2017-06-30T17:58:01","guid":{"rendered":"http:\/\/metalurgicacruzeirodosul.com.br\/site\/?page_id=64"},"modified":"2017-06-30T15:03:13","modified_gmt":"2017-06-30T18:03:13","slug":"esquadrias-de-aluminio","status":"publish","type":"page","link":"http:\/\/metalurgicacruzeirodosul.com.br\/site\/esquadrias-de-aluminio\/","title":{"rendered":"Esquadrias de Alum\u00ednio"},"content":{"rendered":"<p>&#8211; Portas, Port\u00f5es, Grades e Janelas<\/p>\n<p>&#8211; Janela com vidro termo-ac\u00fastico<\/p>\n<p>&#8211; Janela com persiana integrada<\/p>\n<p>&#8211; Janela tipo guilhotina com contrapeso<\/p>\n<p>&#8211; Esquadrias de alum\u00ednio anodizado em cores<\/p>\n<p>&#8211; Esquadrias com pintura eletrost\u00e1tica varias cores<\/p>\n<p>&#8211; Cobertura com estrutura de alum\u00ednio e teto em vidro laminado, policarbonato ou telha t\u00e9rmica<\/p>\n","protected":false},"excerpt":{"rendered":"<p>&#8211; Portas, Port\u00f5es, Grades e Janelas &#8211; Janela com vidro termo-ac\u00fastico &#8211; Janela com persiana integrada &#8211; Janela tipo guilhotina com contrapeso &#8211; Esquadrias de alum\u00ednio anodizado em cores &#8211; Esquadrias com pintura eletrost\u00e1tica varias cores &#8211; Cobertura com estrutura de alum\u00ednio e teto em vidro laminado, policarbonato ou telha t\u00e9rmica<\/p>\n","protected":false},"author":1,"featured_media":0,"parent":0,"menu_order":0,"comment_status":"closed","ping_status":"closed","template":"template-fullwidth.php","meta":[],"_links":{"self":[{"href":"http:\/\/metalurgicacruzeirodosul.com.br\/site\/wp-json\/wp\/v2\/pages\/64"}],"collection":[{"href":"http:\/\/metalurgicacruzeirodosul.com.br\/site\/wp-json\/wp\/v2\/pages"}],"about":[{"href":"http:\/\/metalurgicacruzeirodosul.com.br\/site\/wp-json\/wp\/v2\/types\/page"}],"author":[{"embeddable":true,"href":"http:\/\/metalurgicacruzeirodosul.com.br\/site\/wp-json\/wp\/v2\/users\/1"}],"replies":[{"embeddable":true,"href":"http:\/\/metalurgicacruzeirodosul.com.br\/site\/wp-json\/wp\/v2\/comments?post=64"}],"version-history":[{"count":2,"href":"http:\/\/metalurgicacruzeirodosul.com.br\/site\/wp-json\/wp\/v2\/pages\/64\/revisions"}],"predecessor-version":[{"id":66,"href":"http:\/\/metalurgicacruzeirodosul.com.br\/site\/wp-json\/wp\/v2\/pages\/64\/revisions\/66"}],"wp:attachment":[{"href":"http:\/\/metalurgicacruzeirodosul.com.br\/site\/wp-json\/wp\/v2\/media?parent=64"}],"curies":[{"name":"wp","href":"https:\/\/api.w.org\/{rel}","templated":true}]}}